{"id":664,"date":"2023-10-11T08:44:11","date_gmt":"2023-10-11T08:44:11","guid":{"rendered":"https:\/\/pci.bilkent.edu.tr\/?page_id=664"},"modified":"2023-11-21T13:53:02","modified_gmt":"2023-11-21T13:53:02","slug":"workshops","status":"publish","type":"page","link":"https:\/\/pci.bilkent.edu.tr\/?page_id=664","title":{"rendered":"Workshops"},"content":{"rendered":"\n<p class=\"has-figtree-font-family has-medium-font-size\" style=\"font-style:normal;font-weight:700\"><mark style=\"background-color:rgba(0, 0, 0, 0)\" class=\"has-inline-color has-raft-accent-color\">SINOPIA Workshops and Student Works Exhibitions <\/mark><\/p>\n\n\n\n<p>FADA Gallery, Main Campus, Bilkent<br>November 24-30, 2023<br><strong>Opening November 24, 2023 &#8211; 18.00<\/strong><\/p>\n\n\n\n<p>Workshop briefs and detailed information:<\/p>\n\n\n\n<div id=\"wp-block-themeisle-blocks-accordion-eb3e0c8f\" class=\"wp-block-themeisle-blocks-accordion exclusive\">\n<details class=\"wp-block-themeisle-blocks-accordion-item\"><summary class=\"wp-block-themeisle-blocks-accordion-item__title\"><div><mark style=\"background-color:rgba(0, 0, 0, 0)\" class=\"has-inline-color has-raft-accent-color\">Exploring Sinopia<\/mark><\/div><\/summary><div class=\"wp-block-themeisle-blocks-accordion-item__content\">\n<p class=\"has-figtree-font-family has-medium-font-size\" style=\"font-style:normal;font-weight:400\"><strong>Workshop Mentor. Beata Zalewska<\/strong><\/p>\n\n\n\n<p class=\"has-figtree-font-family has-small-font-size\" style=\"font-style:normal;font-weight:400\">SINOPIA, so many meanings!<\/p>\n\n\n\n<p class=\"has-figtree-font-family has-small-font-size\" style=\"font-style:normal;font-weight:400\"><strong>From Merriam-Webster Dictionary:<\/strong><br>si\u00b7\u200bno\u00b7\u200bpia <em>s\u0259-\u02c8n\u014d-p\u0113-\u0259<br>plural sinopias or sinopia s\u0259-\u02c8n\u014d-p\u0113-\u02cc\u0101<\/em><br>1: a red to reddish-brown earth pigment used by the ancients that depends for its color on its content of red ferric oxide<br>2: a preliminary drawing for a fresco done in sinopia<\/p>\n\n\n\n<p class=\"has-figtree-font-family has-small-font-size\" style=\"font-style:normal;font-weight:400\">A beautiful reddish pigment with various shades, from yellow, through orange, brick red to burgundy and dark brown.<\/p>\n\n\n\n<p class=\"has-figtree-font-family has-small-font-size\" style=\"font-style:normal;font-weight:400\">The <strong>EXPLORING SINOPIA<\/strong> workshop gave students the opportunity to explore the treasure coming from Cappadocia and exported to the&nbsp;ancient seaport&nbsp;of SINOP on the Black Sea coast and from there to other European centers, which served and still serves as a pigment for artists when creating ceramics, pottery, fresco painting, other painting techniques, printmaking, etc.<\/p>\n\n\n\n<p class=\"has-figtree-font-family has-small-font-size\" style=\"font-style:normal;font-weight:400\">Some students used different shades of sinopia to create their fresco works, others were inspired by the beauty of colour when creating works using screen printing, collage and other contemporary artistic techniques.<\/p>\n\n\n\n<p class=\"has-figtree-font-family has-small-font-size\" style=\"font-style:normal;font-weight:400\">The works that are exhibited here are those of elective students from various departments of <strong>Bilkent<\/strong> <strong>University<\/strong> who have joined the <strong>Technology of Art Course<\/strong>, as well as students from the Departments of Fine Arts and Graphic Design.<\/p>\n\n\n\n<p class=\"has-small-font-size\">Workshop Participants<br>. Nil Y\u00fccel<br>. Vaha T\u00f6ng\u00fcr<br>. Berkay \u00c7etinda\u011f<br>. Asl\u0131 Neft\u00e7i<br>. Nilsu Kaynak<br>. Dila Aksu<br>. Metin Aydemir<br>. Asl\u0131 Bayram<br>. G\u00f6k\u00e7e Da\u011fk\u0131l\u0131\u00e7<br>. Burcu G\u00fczeldere<br>. Ilg\u0131n Handaf<br>. Ay\u00e7a \u00d6\u011fr\u00fck<br>. Selen T\u00fcrk <\/p>\n<\/div><\/details>\n\n\n\n<details class=\"wp-block-themeisle-blocks-accordion-item\"><summary class=\"wp-block-themeisle-blocks-accordion-item__title\"><div><mark style=\"background-color:rgba(0, 0, 0, 0)\" class=\"has-inline-color has-raft-accent-color\">Pigments, Colors and Textures<\/mark><\/div><\/summary><div class=\"wp-block-themeisle-blocks-accordion-item__content\">\n<p class=\"has-medium-font-size\"><strong>Workshop Mentor. Ekin K\u0131l\u0131\u00e7 Ezer<\/strong><\/p>\n\n\n\n<p class=\"has-figtree-font-family has-small-font-size\" style=\"font-style:normal;font-weight:400\">Immersed in the rhythm of city existence, we find ourselves surrounded by textures. Texture echoing in between the pulse of the contemporary life.<br><br>The workshop participants walked around and ,using <strong>FROTTAGE<\/strong> technique, collected textures from sepulchral monuments at <strong>Roman Baths Historical Site in Ulus and Bilkent Main Campus.<\/strong> The purpose is to encounter both ancient and contemporary textures at the same facet fostering an awareness of urban life experiences.<\/p>\n\n\n\n<figure class=\"wp-block-gallery has-nested-images columns-default is-cropped wp-block-gallery-1 is-layout-flex wp-block-gallery-is-layout-flex\">\n<figure class=\"wp-block-image size-large\"><img loading=\"lazy\" decoding=\"async\" width=\"1024\" height=\"841\" src=\"https:\/\/pci.bilkent.edu.tr\/wp-content\/uploads\/2023\/11\/ekinworkshop-19-1024x841.png\" alt=\"\" class=\"wp-image-1020\" srcset=\"https:\/\/pci.bilkent.edu.tr\/wp-content\/uploads\/2023\/11\/ekinworkshop-19-1024x841.png 1024w, https:\/\/pci.bilkent.edu.tr\/wp-content\/uploads\/2023\/11\/ekinworkshop-19-300x246.png 300w, https:\/\/pci.bilkent.edu.tr\/wp-content\/uploads\/2023\/11\/ekinworkshop-19-768x631.png 768w, https:\/\/pci.bilkent.edu.tr\/wp-content\/uploads\/2023\/11\/ekinworkshop-19.png 1315w\" sizes=\"(max-width: 1024px) 100vw, 1024px\" \/><\/figure>\n\n\n\n<figure class=\"wp-block-image size-large\"><img loading=\"lazy\" decoding=\"async\" width=\"1024\" height=\"841\" src=\"https:\/\/pci.bilkent.edu.tr\/wp-content\/uploads\/2023\/11\/ekinworkshop-18-1024x841.png\" alt=\"\" class=\"wp-image-1021\" srcset=\"https:\/\/pci.bilkent.edu.tr\/wp-content\/uploads\/2023\/11\/ekinworkshop-18-1024x841.png 1024w, https:\/\/pci.bilkent.edu.tr\/wp-content\/uploads\/2023\/11\/ekinworkshop-18-300x246.png 300w, https:\/\/pci.bilkent.edu.tr\/wp-content\/uploads\/2023\/11\/ekinworkshop-18-768x631.png 768w, https:\/\/pci.bilkent.edu.tr\/wp-content\/uploads\/2023\/11\/ekinworkshop-18.png 1315w\" sizes=\"(max-width: 1024px) 100vw, 1024px\" \/><\/figure>\n\n\n\n<figure class=\"wp-block-image size-large\"><img loading=\"lazy\" decoding=\"async\" width=\"1024\" height=\"841\" src=\"https:\/\/pci.bilkent.edu.tr\/wp-content\/uploads\/2023\/11\/ekinworkshop-17-1024x841.png\" alt=\"\" class=\"wp-image-1019\" srcset=\"https:\/\/pci.bilkent.edu.tr\/wp-content\/uploads\/2023\/11\/ekinworkshop-17-1024x841.png 1024w, https:\/\/pci.bilkent.edu.tr\/wp-content\/uploads\/2023\/11\/ekinworkshop-17-300x246.png 300w, https:\/\/pci.bilkent.edu.tr\/wp-content\/uploads\/2023\/11\/ekinworkshop-17-768x631.png 768w, https:\/\/pci.bilkent.edu.tr\/wp-content\/uploads\/2023\/11\/ekinworkshop-17.png 1315w\" sizes=\"(max-width: 1024px) 100vw, 1024px\" \/><\/figure>\n\n\n\n<figure class=\"wp-block-image size-large\"><img loading=\"lazy\" decoding=\"async\" width=\"1024\" height=\"841\" src=\"https:\/\/pci.bilkent.edu.tr\/wp-content\/uploads\/2023\/11\/ekinworkshop-16-1024x841.png\" alt=\"\" class=\"wp-image-1018\" srcset=\"https:\/\/pci.bilkent.edu.tr\/wp-content\/uploads\/2023\/11\/ekinworkshop-16-1024x841.png 1024w, https:\/\/pci.bilkent.edu.tr\/wp-content\/uploads\/2023\/11\/ekinworkshop-16-300x246.png 300w, https:\/\/pci.bilkent.edu.tr\/wp-content\/uploads\/2023\/11\/ekinworkshop-16-768x631.png 768w, https:\/\/pci.bilkent.edu.tr\/wp-content\/uploads\/2023\/11\/ekinworkshop-16.png 1315w\" sizes=\"(max-width: 1024px) 100vw, 1024px\" \/><\/figure>\n\n\n\n<figure class=\"wp-block-image size-large\"><img loading=\"lazy\" decoding=\"async\" width=\"1024\" height=\"841\" src=\"https:\/\/pci.bilkent.edu.tr\/wp-content\/uploads\/2023\/11\/ekinworkshop-11-1024x841.png\" alt=\"\" class=\"wp-image-1013\" srcset=\"https:\/\/pci.bilkent.edu.tr\/wp-content\/uploads\/2023\/11\/ekinworkshop-11-1024x841.png 1024w, https:\/\/pci.bilkent.edu.tr\/wp-content\/uploads\/2023\/11\/ekinworkshop-11-300x246.png 300w, https:\/\/pci.bilkent.edu.tr\/wp-content\/uploads\/2023\/11\/ekinworkshop-11-768x631.png 768w, https:\/\/pci.bilkent.edu.tr\/wp-content\/uploads\/2023\/11\/ekinworkshop-11.png 1315w\" sizes=\"(max-width: 1024px) 100vw, 1024px\" \/><\/figure>\n\n\n\n<figure class=\"wp-block-image size-large\"><img loading=\"lazy\" decoding=\"async\" width=\"1024\" height=\"841\" src=\"https:\/\/pci.bilkent.edu.tr\/wp-content\/uploads\/2023\/11\/ekinworkshop-14-1024x841.png\" alt=\"\" class=\"wp-image-1017\" srcset=\"https:\/\/pci.bilkent.edu.tr\/wp-content\/uploads\/2023\/11\/ekinworkshop-14-1024x841.png 1024w, https:\/\/pci.bilkent.edu.tr\/wp-content\/uploads\/2023\/11\/ekinworkshop-14-300x246.png 300w, https:\/\/pci.bilkent.edu.tr\/wp-content\/uploads\/2023\/11\/ekinworkshop-14-768x631.png 768w, https:\/\/pci.bilkent.edu.tr\/wp-content\/uploads\/2023\/11\/ekinworkshop-14.png 1315w\" sizes=\"(max-width: 1024px) 100vw, 1024px\" \/><\/figure>\n\n\n\n<figure class=\"wp-block-image size-large\"><img loading=\"lazy\" decoding=\"async\" width=\"1024\" height=\"841\" src=\"https:\/\/pci.bilkent.edu.tr\/wp-content\/uploads\/2023\/11\/ekinworkshop-10-1024x841.png\" alt=\"\" class=\"wp-image-1012\" srcset=\"https:\/\/pci.bilkent.edu.tr\/wp-content\/uploads\/2023\/11\/ekinworkshop-10-1024x841.png 1024w, https:\/\/pci.bilkent.edu.tr\/wp-content\/uploads\/2023\/11\/ekinworkshop-10-300x246.png 300w, https:\/\/pci.bilkent.edu.tr\/wp-content\/uploads\/2023\/11\/ekinworkshop-10-768x631.png 768w, https:\/\/pci.bilkent.edu.tr\/wp-content\/uploads\/2023\/11\/ekinworkshop-10.png 1315w\" sizes=\"(max-width: 1024px) 100vw, 1024px\" \/><\/figure>\n\n\n\n<figure class=\"wp-block-image size-large\"><img loading=\"lazy\" decoding=\"async\" width=\"1024\" height=\"841\" src=\"https:\/\/pci.bilkent.edu.tr\/wp-content\/uploads\/2023\/11\/ekinworkshop-12-1024x841.png\" alt=\"\" class=\"wp-image-1015\" srcset=\"https:\/\/pci.bilkent.edu.tr\/wp-content\/uploads\/2023\/11\/ekinworkshop-12-1024x841.png 1024w, https:\/\/pci.bilkent.edu.tr\/wp-content\/uploads\/2023\/11\/ekinworkshop-12-300x246.png 300w, https:\/\/pci.bilkent.edu.tr\/wp-content\/uploads\/2023\/11\/ekinworkshop-12-768x631.png 768w, https:\/\/pci.bilkent.edu.tr\/wp-content\/uploads\/2023\/11\/ekinworkshop-12.png 1315w\" sizes=\"(max-width: 1024px) 100vw, 1024px\" \/><\/figure>\n\n\n\n<figure class=\"wp-block-image size-large\"><img loading=\"lazy\" decoding=\"async\" width=\"1024\" height=\"841\" src=\"https:\/\/pci.bilkent.edu.tr\/wp-content\/uploads\/2023\/11\/ekinworkshop-13-1024x841.png\" alt=\"\" class=\"wp-image-1014\" srcset=\"https:\/\/pci.bilkent.edu.tr\/wp-content\/uploads\/2023\/11\/ekinworkshop-13-1024x841.png 1024w, https:\/\/pci.bilkent.edu.tr\/wp-content\/uploads\/2023\/11\/ekinworkshop-13-300x246.png 300w, https:\/\/pci.bilkent.edu.tr\/wp-content\/uploads\/2023\/11\/ekinworkshop-13-768x631.png 768w, https:\/\/pci.bilkent.edu.tr\/wp-content\/uploads\/2023\/11\/ekinworkshop-13.png 1315w\" sizes=\"(max-width: 1024px) 100vw, 1024px\" \/><\/figure>\n\n\n\n<figure class=\"wp-block-image size-large\"><img loading=\"lazy\" decoding=\"async\" width=\"1024\" height=\"841\" src=\"https:\/\/pci.bilkent.edu.tr\/wp-content\/uploads\/2023\/11\/ekinworkshop-15-1024x841.png\" alt=\"\" class=\"wp-image-1016\" srcset=\"https:\/\/pci.bilkent.edu.tr\/wp-content\/uploads\/2023\/11\/ekinworkshop-15-1024x841.png 1024w, https:\/\/pci.bilkent.edu.tr\/wp-content\/uploads\/2023\/11\/ekinworkshop-15-300x246.png 300w, https:\/\/pci.bilkent.edu.tr\/wp-content\/uploads\/2023\/11\/ekinworkshop-15-768x631.png 768w, https:\/\/pci.bilkent.edu.tr\/wp-content\/uploads\/2023\/11\/ekinworkshop-15.png 1315w\" sizes=\"(max-width: 1024px) 100vw, 1024px\" \/><\/figure>\n<\/figure>\n<\/div><\/details>\n<\/div>\n","protected":false},"excerpt":{"rendered":"<p>SINOPIA Workshops and Student Works Exhibitions FADA Gallery, Main Campus, BilkentNovember 24-30, 2023Opening November 24, 2023 &#8211; 18.00 Workshop briefs and detailed information:<\/p>\n","protected":false},"author":1,"featured_media":0,"parent":0,"menu_order":0,"comment_status":"closed","ping_status":"closed","template":"","meta":{"_themeisle_gutenberg_block_has_review":false,"footnotes":""},"_links":{"self":[{"href":"https:\/\/pci.bilkent.edu.tr\/index.php?rest_route=\/wp\/v2\/pages\/664"}],"collection":[{"href":"https:\/\/pci.bilkent.edu.tr\/index.php?rest_route=\/wp\/v2\/pages"}],"about":[{"href":"https:\/\/pci.bilkent.edu.tr\/index.php?rest_route=\/wp\/v2\/types\/page"}],"author":[{"embeddable":true,"href":"https:\/\/pci.bilkent.edu.tr\/index.php?rest_route=\/wp\/v2\/users\/1"}],"replies":[{"embeddable":true,"href":"https:\/\/pci.bilkent.edu.tr\/index.php?rest_route=%2Fwp%2Fv2%2Fcomments&post=664"}],"version-history":[{"count":7,"href":"https:\/\/pci.bilkent.edu.tr\/index.php?rest_route=\/wp\/v2\/pages\/664\/revisions"}],"predecessor-version":[{"id":1055,"href":"https:\/\/pci.bilkent.edu.tr\/index.php?rest_route=\/wp\/v2\/pages\/664\/revisions\/1055"}],"wp:attachment":[{"href":"https:\/\/pci.bilkent.edu.tr\/index.php?rest_route=%2Fwp%2Fv2%2Fmedia&parent=664"}],"curies":[{"name":"wp","href":"https:\/\/api.w.org\/{rel}","templated":true}]}}