{"id":366,"date":"2023-09-11T06:57:53","date_gmt":"2023-09-11T06:57:53","guid":{"rendered":"https:\/\/pci.bilkent.edu.tr\/?page_id=366"},"modified":"2023-11-19T11:22:36","modified_gmt":"2023-11-19T11:22:36","slug":"program","status":"publish","type":"page","link":"https:\/\/pci.bilkent.edu.tr\/?page_id=366","title":{"rendered":"Program"},"content":{"rendered":"\n<div class=\"wp-block-group is-layout-constrained wp-block-group-is-layout-constrained\">\n<p class=\"has-raft-accent-color has-text-color has-figtree-font-family has-small-font-size\" style=\"font-style:normal;font-weight:400\"><strong><mark style=\"background-color:rgba(0, 0, 0, 0)\" class=\"has-inline-color has-raft-fg-color\">Pigments, Colors and Ideas Symposium<\/mark><br><\/strong><mark style=\"background-color:rgba(0, 0, 0, 0)\" class=\"has-inline-color has-raft-fg-color\">On the occasion of the 100th year of the Turkish Republic<\/mark><\/p>\n\n\n\n<p class=\"has-raft-accent-color has-text-color has-figtree-font-family has-normal-font-size\" style=\"font-style:normal;font-weight:700\">November 23, 2023 &#8211; Thursday<\/p>\n\n\n\n<p><\/p>\n\n\n\n<div class=\"wp-block-columns is-layout-flex wp-container-core-columns-layout-1 wp-block-columns-is-layout-flex\">\n<div class=\"wp-block-column is-layout-flow wp-block-column-is-layout-flow\" style=\"flex-basis:100%\">\n<figure class=\"wp-block-table is-style-regular has-figtree-font-family has-small-font-size\" style=\"font-style:normal;font-weight:400\"><table><tbody><tr><td>Place<\/td><td>Hour\/Slots<\/td><td>Content<\/td><\/tr><tr><td><strong><br>Museum of Anatolian Civilizations<\/strong><\/td><td>18.00<\/td><td>Opening speeches<\/td><\/tr><tr><td><\/td><td>18.10<\/td><td><strong>Inaugural lecture<br>Professor Dr. Filiz Yeni\u015fehirlio\u011flu<\/strong> <br>(Ko\u00e7 University, Director of VEKAM, Ankara)\u00a0<br><br><em><strong><mark style=\"background-color:rgba(0, 0, 0, 0)\" class=\"has-inline-color has-raft-accent-color\">Color: The Perception of an Image \/\u00a0<\/mark><\/strong><\/em><br><em><strong><mark style=\"background-color:rgba(0, 0, 0, 0)\" class=\"has-inline-color has-raft-accent-color\">Renk: \u0130mgenin Alg\u0131s\u0131<\/mark><\/strong><\/em> <\/td><\/tr><tr><td><\/td><td>19.15<\/td><td>Concert by <strong>\u0130pek Dereli<\/strong> and her Ensemble<\/td><\/tr><tr><td><\/td><td>19.50<\/td><td>Opening of the Exhibition \/ Cocktail<\/td><\/tr><\/tbody><\/table><\/figure>\n<\/div>\n<\/div>\n<\/div>\n\n\n\n<div class=\"wp-block-columns is-layout-flex wp-container-core-columns-layout-3 wp-block-columns-is-layout-flex\">\n<div class=\"wp-block-column is-layout-flow wp-block-column-is-layout-flow\" style=\"flex-basis:100%\">\n<div class=\"wp-block-group is-layout-constrained wp-block-group-is-layout-constrained\">\n<p class=\"has-raft-accent-color has-text-color has-figtree-font-family has-normal-font-size\" style=\"font-style:normal;font-weight:700\">November 24, 2023 &#8211; Friday<\/p>\n\n\n\n<div class=\"wp-block-columns is-layout-flex wp-container-core-columns-layout-2 wp-block-columns-is-layout-flex\">\n<div class=\"wp-block-column is-layout-flow wp-block-column-is-layout-flow\" style=\"flex-basis:100%\">\n<figure class=\"wp-block-table is-style-regular has-figtree-font-family has-small-font-size\" style=\"font-style:normal;font-weight:400\"><table><tbody><tr><td>Place<\/td><td>Hour\/Slots<\/td><td>Content<\/td><\/tr><tr><td><strong>Bilkent University <br>Faculty of Humanities and Lettersm<br>C Block Amphi<\/strong><br>or<br><strong>Zoom Registration: <\/strong><br>sinopiasymposium@gmail.com<\/td><td><\/td><td><strong>Morning Session<\/strong><\/td><\/tr><tr><td><\/td><td>09.30 &#8211; 10.00                 <\/td><td>Registration and coffee<\/td><\/tr><tr><td><\/td><td>10.00 &#8211; 10.15<\/td><td>Welcoming speeches<\/td><\/tr><tr><td><\/td><td><\/td><td><strong>Moderator: Jorge Lopez Quiroga<\/strong><\/td><\/tr><tr><td><\/td><td>10.15 &#8211; 10.35<\/td><td><strong>Dominique Kassab Tezg\u00f6r<\/strong> <br>(Bilkent University, Faculty of Humanities and Letters, Department of Archaeology)<br><br><em><strong><mark style=\"background-color:rgba(0, 0, 0, 0)\" class=\"has-inline-color has-raft-accent-color\">Miltos, Sinopis and Sinopia over the Centuries<\/mark><\/strong><\/em><\/td><\/tr><tr><td><\/td><td>10.35 &#8211; 10.50<\/td><td><strong>Selim Y\u0131lmaz Erdal<\/strong> <br>(Hacettepe University, Faculty of Letters, Department of Anthropology)<br><br><em><strong><mark style=\"background-color:rgba(0, 0, 0, 0)\" class=\"has-inline-color has-raft-accent-color\">Dyes and Dead Bodies in Early Neolithic People<\/mark><\/strong><\/em><\/td><\/tr><tr><td><\/td><td>10.50 &#8211; 11.10<\/td><td><em><strong><mark style=\"background-color:rgba(0, 0, 0, 0)\" class=\"has-inline-color has-raft-accent-color\">Dyes and Spices<\/mark><\/strong><\/em>, a film by <strong>C\u00e9cile Michel<\/strong> and <strong>Vanessa Tubiana-Brun<\/strong>, CNRS, Nanterre, France, 2017.<br><br>Film prepared within the International Research Network &#8220;Ancient Textiles from the Orient to the\u00a0Mediterranean&#8221;<\/td><\/tr><tr><td><\/td><td>11.10 &#8211; 11.30<\/td><td><strong>C\u00e9cile Michel<\/strong> (CNRS ArScAn, Nanterre-CSMC Hamburg) <br><strong>Philippe Abrahami<\/strong> (Universit\u00e9 de Lille)<br><strong>Nicole Brisch <\/strong>(Universit\u00e4t Hamburg &amp; CSMC)<br><strong>Louise Quillien<\/strong> (CNRS, ArScAn, Nanterre)<br><br><em><strong><mark style=\"background-color:rgba(0, 0, 0, 0)\" class=\"has-inline-color has-raft-accent-color\">Red Textiles and Dyes in Cuneiform Sources from the Third to the First Millennium BCE<\/mark><\/strong><\/em><\/td><\/tr><tr><td><\/td><td>11.30 &#8211; 11.50<\/td><td><strong>Hariclia Brecoulaki<\/strong> <br>(Institute of Historical Research, Section of Greek and Roman Antiquity, National Hellenic Research Foundation, Athens)<br><br><em><strong><mark style=\"background-color:rgba(0, 0, 0, 0)\" class=\"has-inline-color has-raft-accent-color\">Which Colours for which Purposes? Selection and Applications of Pigments in Ancient Greek Painting.&nbsp;<\/mark><\/strong><\/em><\/td><\/tr><tr><td><\/td><td>11.50<\/td><td>Discussion<\/td><\/tr><tr><td><\/td><td><\/td><td><strong>Snack Break<\/strong><\/td><\/tr><tr><td><\/td><td><\/td><td><strong>Afternoon Session<\/strong><\/td><\/tr><tr><td><\/td><td><\/td><td><strong>Moderator: G\u00fclsu \u015eim\u015fek Franci<\/strong><\/td><\/tr><tr><td><\/td><td>13.30 &#8211; 13.50<\/td><td><strong>Brigitte Bourgeois <\/strong><br>(Centre de Recherche et de Restauration des Mus\u00e9es de France, C2RMF)<br><strong>Violaine Jeammet <\/strong><br>(Department of Greek, Etruscan and Roman Antiquities, Louvre Museum) <br><strong>Yannick Vandenberghe <\/strong><br>(Centre de Recherche et de Restauration des Mus\u00e9es de France, C2RMF)<br><br><em><em><strong><mark style=\"background-color:rgba(0, 0, 0, 0)\" class=\"has-inline-color has-raft-accent-color\">Small is Beautiful. Painters at Work on Greek Terracotta Figurines.<\/mark><\/strong><\/em><\/em><\/td><\/tr><tr><td><\/td><td>13.50 &#8211; 14.10<\/td><td><strong>Tuna \u015eare<\/strong> <br>(University of Oxford\/ \u00c7anakkale Onsekiz Mart University)<br><br><em><strong><mark style=\"background-color:rgba(0, 0, 0, 0)\" class=\"has-inline-color has-raft-accent-color\">The Colors of Imperial Power in Late Roman Anatolia<\/mark><\/strong><\/em><\/td><\/tr><tr><td><\/td><td>14.10 &#8211; 14.30<\/td><td><strong>Thomas Zimmermann<\/strong> <br>(Bilkent University, Faculty of Humanities and Letters, Department of Archaeology)<br><br><em><strong><mark style=\"background-color:rgba(0, 0, 0, 0)\" class=\"has-inline-color has-raft-accent-color\">From Hallucinogens to Hazards \u2013 The Lycurgus Cup and the Long Deep History of Metals as Coloring Agents<\/mark><\/strong><\/em><\/td><\/tr><tr><td><\/td><td>14.30 &#8211; 14.50<\/td><td><strong>Ana\u00efs Lamesa<\/strong> <br>(Head of the Archaeological Unit at the French Institute of Anatolian Studies, \u0130stanbul)&nbsp;<br><br><em><strong><mark style=\"background-color:rgba(0, 0, 0, 0)\" class=\"has-inline-color has-raft-accent-color\">Red Ochre in Cappadocia: from Technical to Decorative Uses<\/mark><\/strong><\/em><\/td><\/tr><tr><td><\/td><td>15.10<\/td><td>Discussion<\/td><\/tr><tr><td><\/td><td><\/td><td><strong>Coffee break<\/strong><\/td><\/tr><tr><td><\/td><td><\/td><td><strong>Moderator: Brigitte Bourgeois<\/strong><\/td><\/tr><tr><td><\/td><td>15.50 &#8211; 16.10<\/td><td><strong>Jorge Lopez Quiroga<\/strong> (University Complutense Madrid) <br><strong>Natalia Figueiras<\/strong> (University Complutense Madrid) <br><br><em><strong><mark style=\"background-color:rgba(0, 0, 0, 0)\" class=\"has-inline-color has-raft-accent-color\">The Red and White Colors in the Medieval Rock Wall Painting of the World Map of San Pedro de Rocas (Galicia, Spain): Artistic Materials and Pictorial Techniques<\/mark><\/strong><\/em><\/td><\/tr><tr><td><\/td><td>16.10 &#8211; 16.30<\/td><td><strong>Umberto Brogi<\/strong> <br>(Restorer at Opera Primaziale Pisana, Pisa)<br><br><em><strong><mark style=\"background-color:rgba(0, 0, 0, 0)\" class=\"has-inline-color has-raft-accent-color\">Drawing on the Wall. The Sinopias of the Pisan Cemetery<\/mark><\/strong><\/em><\/td><\/tr><tr><td><\/td><td>16.30 &#8211; 16.50<\/td><td><strong>G\u00fclsu \u015eim\u015fek Franci<\/strong> <br>(Doctoral Researcher at Ko\u00e7 University Surface Science and Technology Center &#8211; KUYTAM)<br><br><em><strong><mark style=\"background-color:rgba(0, 0, 0, 0)\" class=\"has-inline-color has-raft-accent-color\">Identification of Tiles via Color<\/mark><\/strong><\/em><\/td><\/tr><tr><td><\/td><td>16.50 &#8211; 17.10<\/td><td><strong>Sibel Ertez Ural<\/strong> <br>(Bilkent University, FADA, Department of interior Architecture and Environmental Design)&nbsp;<br><br><em><strong><mark style=\"background-color:rgba(0, 0, 0, 0)\" class=\"has-inline-color has-raft-accent-color\">Red and White in Architectural Context<\/mark><\/strong><\/em><\/td><\/tr><tr><td><\/td><td>17.10<\/td><td>Discussion<\/td><\/tr><tr><td><strong>Bilkent University<br>FADA Art Gallery<\/strong><\/td><td>18.00<\/td><td><strong>Exploring Sinopia <\/strong>(Mentor Beata Zalewska)<br><strong>Pigments, Colors and Textures<\/strong> (Mentor Ekin K\u0131l\u0131\u00e7 Ezer)<br><em>Workshop Student Works Exhibition Opening<\/em><\/td><\/tr><tr><td><\/td><td>19.30<\/td><td><strong>Closing Reception <\/strong><\/td><\/tr><\/tbody><\/table><\/figure>\n<\/div>\n<\/div>\n<\/div>\n<\/div>\n<\/div>\n","protected":false},"excerpt":{"rendered":"<p>Pigments, Colors and Ideas SymposiumOn the occasion of the 100th year of the Turkish Republic November 23, 2023 &#8211; Thursday Place Hour\/Slots Content Museum of Anatolian Civilizations 18.00 Opening speeches 18.10 Inaugural lectureProfessor Dr. Filiz Yeni\u015fehirlio\u011flu (Ko\u00e7 University, Director of VEKAM, Ankara)\u00a0 Color: The Perception of an Image \/\u00a0Renk: \u0130mgenin Alg\u0131s\u0131 19.15 Concert by \u0130pek [&hellip;]<\/p>\n","protected":false},"author":1,"featured_media":0,"parent":0,"menu_order":0,"comment_status":"closed","ping_status":"closed","template":"","meta":{"_themeisle_gutenberg_block_has_review":false,"footnotes":""},"_links":{"self":[{"href":"https:\/\/pci.bilkent.edu.tr\/index.php?rest_route=\/wp\/v2\/pages\/366"}],"collection":[{"href":"https:\/\/pci.bilkent.edu.tr\/index.php?rest_route=\/wp\/v2\/pages"}],"about":[{"href":"https:\/\/pci.bilkent.edu.tr\/index.php?rest_route=\/wp\/v2\/types\/page"}],"author":[{"embeddable":true,"href":"https:\/\/pci.bilkent.edu.tr\/index.php?rest_route=\/wp\/v2\/users\/1"}],"replies":[{"embeddable":true,"href":"https:\/\/pci.bilkent.edu.tr\/index.php?rest_route=%2Fwp%2Fv2%2Fcomments&post=366"}],"version-history":[{"count":76,"href":"https:\/\/pci.bilkent.edu.tr\/index.php?rest_route=\/wp\/v2\/pages\/366\/revisions"}],"predecessor-version":[{"id":947,"href":"https:\/\/pci.bilkent.edu.tr\/index.php?rest_route=\/wp\/v2\/pages\/366\/revisions\/947"}],"wp:attachment":[{"href":"https:\/\/pci.bilkent.edu.tr\/index.php?rest_route=%2Fwp%2Fv2%2Fmedia&parent=366"}],"curies":[{"name":"wp","href":"https:\/\/api.w.org\/{rel}","templated":true}]}}